{"id":1113,"date":"2021-10-18T10:14:30","date_gmt":"2021-10-18T08:14:30","guid":{"rendered":"https:\/\/www.materieplastichevecchi.it\/cookie-policy\/"},"modified":"2021-10-18T10:19:52","modified_gmt":"2021-10-18T08:19:52","slug":"cookie-policy","status":"publish","type":"page","link":"https:\/\/www.materieplastichevecchi.it\/en\/cookie-policy\/","title":{"rendered":"Cookie policy"},"content":{"rendered":"\n<p><em>Informativa sul trattamento dei dati personali (art. 13 Dlgs 196\/2003 \u2013 art. 13 e 14 GDPR 2016\/679)<\/em><\/p>\n\n\n\n<p>Questa informativa sull'utilizzo dei&nbsp;<em>cookie<\/em>&nbsp;sul sito \u00e8 resa all'utente in attuazione del provvedimento del Garante per la protezione dei dati personali dell'8 maggio 2014 \"Individuazione delle modalit\u00e0 semplificate per l'informativa e l'acquisizione del consenso per l'uso dei cookie\"; si rimanda alla Policy Privacy di questo sito, egualmente redatta nel rispetto dell'art. 13 del Dlgs 196\/2003 nonch\u00e9 art. 13 e 14 del Regolamento UE 2016\/679, per la definizione di Titolare del trattamento, modalit\u00e0 e finalit\u00e0 del trattamento, conferimento dei dati ed esercizio dei diritti dei soggetti interessati.<\/p>\n\n\n\n<p><strong>CHE COSA SONO I COOKIE?<\/strong><\/p>\n\n\n\n<p>I cookie sono stringhe di testo di piccola dimensione che un sito web pu\u00f2 inviare, durante la navigazione, al dispositivo interessato, sia esso un pc, un notebook, uno smartphone, un tablet etc.; di norma, i cookie sono conservati direttamente sul browser utilizzato per la navigazione. Lo stesso sito web che li ha trasmessi, poi pu\u00f2 leggere e registrare i cookie che si trovano sullo stesso dispositivo per ottenere informazioni di vario tipo.<\/p>\n\n\n\n<p>I cookie sono usati per differenti finalit\u00e0: esecuzione di autenticazioni informatiche, monitoraggio di sessioni, memorizzazione di informazioni su specifiche configurazioni riguardanti gli utenti che accedono al server, ecc.<\/p>\n\n\n\n<p>Ulteriori informazioni sui cookies sono reperibili su www.allaboutcookies.org .<\/p>\n\n\n\n<p><strong>PERCH\u00c9 USIAMO I COOKIE?<\/strong><\/p>\n\n\n\n<p>Questo sito internet potrebbe utilizzare i cookie per diversi motivi. In alcune parti del nostro sito i cookie sono essenziali e senza di essi non si potrebbe essere in grado, ad esempio, di richiedere i nostri servizi.<br>Siamo sempre alla ricerca di modi per migliorare il nostro sito internet e per rendere pi\u00f9 facile la conoscenza dei nostri servizi. Pertanto per noi \u00e8 importante capire come si utilizza il nostro sito.<\/p>\n\n\n\n<p><strong>QUANTI TIPI DI COOKIE ESISTONO?<\/strong><\/p>\n\n\n\n<p>Esistono due macro-categorie fondamentali, con caratteristiche diverse:&nbsp;<strong>cookie tecnici<\/strong>&nbsp;e&nbsp;<strong>cookie di terza parte<\/strong>. I cookie tecnici sono generalmente necessari per il corretto funzionamento del sito web e per permettere la navigazione; senza di essi potrebbe accadere di non visualizzare correttamente le pagine oppure di utilizzare alcuni servizi. Per esempio, un cookie tecnico \u00e8 indispensabile per mantenere l'utente collegato durante tutta la visita a un sito web, oppure per memorizzare le impostazioni della lingua, della visualizzazione, e cos\u00ec via.<\/p>\n\n\n\n<p>I&nbsp;<strong>cookie tecnici<\/strong>&nbsp;possono essere ulteriormente distinti in:<\/p>\n\n\n\n<ul class=\"wp-block-list\"><li>cookie di navigazione o sessione, che garantiscono la normale navigazione e fruizione del sito web;<\/li><li>cookie di funzionalit\u00e0, che permettono all'utente la navigazione in funzione di una serie di criteri selezionati (ad esempio, la lingua, i prodotti selezionati per l'acquisto) al fine di migliorare il servizio reso allo stesso;<\/li><li>cookie analytics, assimilati ai cookie tecnici ed utilizzati direttamente dal gestore del sito per raccogliere informazioni, in forma aggregata, sul numero degli utenti e su come questi visitano il sito stesso.<\/li><\/ul>\n\n\n\n<p>I cookie tecnici possono essere anche forniti da terze parti (cd. \u201c<strong>cookie di terze parti<\/strong>\u201d), e possono corrispondere a tutte le tipologie indicate sopra gestite in forma anonima ed aggregata, oppure in forma che consenta di identificare i navigatori dei siti internet, anche se occasionali.<\/p>\n\n\n\n<p>Esistono infine anche i&nbsp;<strong>cookie di profilazione<\/strong>&nbsp;che hanno il compito di profilare l'utente, e vengono utilizzati al fine di inviare messaggi pubblicitari in linea con le preferenze manifestate dallo stesso durante la sua navigazione.<\/p>\n\n\n\n<p><strong>QUALI COOKIE UTILIZZA QUESTO SITO?<\/strong><\/p>\n\n\n\n<p>Questo sito utilizza cookie tecnici, diretti o di terze parti, finalizzati a garantire il corretto funzionamento del sito, senza dei quali la stessa navigazione non sarebbe possibile; risultano utilizzati anche cookie analytics, al fine di raccogliere informazioni sul numero degli utenti e sulle modalit\u00e0 di navigazione dello stesso sito.<br>I cookie sopra descritti vengono tutti raccolti ed analizzati in forma anonima ed aggregata.<br>Infine viene escluso in ogni forma l\u2019utilizzo di cookie di profilazione.<\/p>\n\n\n\n<p><strong>COOKIE DI TERZE PARTI<\/strong><\/p>\n\n\n\n<p>Questo sito utilizza i cookies di terze parti \"Google Analytcs\", un servizio di analisi statistica erogato e gestito da Google che consente di analizzare, in modo anonimo, come gli utenti visitano il sito. Le informazioni generate dal cookie sull'utilizzo del sito web da parte dell'utente (compreso l'indirizzo IP) viene trasmesso, e depositato presso i server di Google.<\/p>\n\n\n\n<p>Indirizzi utili per comprendere al meglio la privacy policy di Google Analytics e trovare i moduli di raccolta del consenso:<\/p>\n\n\n\n<ul class=\"wp-block-list\"><li>http:\/\/www.google.com\/analytics\/terms\/it.html<\/li><li>http:\/\/www.google.com\/privacypolicy.html<\/li><li>https:\/\/developers.google.com\/analytics\/devguides\/collection\/analyticsjs\/cookie-usage#gajs<\/li><li>https:\/\/support.google.com\/analytics\/answer\/6004245<\/li><li>https:\/\/tools.google.com\/dlpage\/gaoptout<\/li><\/ul>\n\n\n\n<p>Se si preferisce che Google Analytics non utilizzi i dati raccolti in nessun modo, pu\u00f2 essere modificata la configurazione di ogni browser in modo diverso. Essa \u00e8 descritta nel menu di aiuto del Vostro browser, che Vi permetter\u00e0 di conoscere il modo in cui cambiare le Vostre scelte riguardo i cookies.<\/p>\n\n\n\n<ul class=\"wp-block-list\"><li>Internet Explorer: http:\/\/windows.microsoft.com\/it-It\/windows7\/Block-enable-or-allow-cookies<\/li><li>Safari: http:\/\/www.apple.com\/it\/support \/<\/li><li>Chrome: https:\/\/support.google.com\/chrome\/answer\/95647?hl=it&amp;hlrm=en<\/li><li>Firefox: http:\/\/support.mozilla.org\/it\/kb\/Attivare%20e%20disattivare%20i%20cookie<\/li><li>Opera: http:\/\/help.opera.com\/Windows\/10.20\/it\/cookies.html<\/li><li>I cookies di Google Analytics possono anche essere rifiutati anche seguendo la procedura indicata da Google https:\/\/tools.google.com\/dlpage\/gaoptout?hl=it .<\/li><\/ul>\n\n\n\n<p>Il sito rimarr\u00e0 comunque pienamente fruibile anche laddove abbiate deciso di disattivare la funzione di monitoraggio. Per un opt-out permanente, il browser deve accettare cookies permanenti. Se il Vostro browser non accetta i cookies permanenti, allora non \u00e8 tecnicamente possibile registrare l\u2019opt-out. Si prega di utilizzare le funzionalit\u00e0 del proprio browser per disattivare il monitoraggio (si veda in proposito il sito www.allaboutcookies.org).<\/p>\n\n\n\n<p>Per eliminare i cookie dal browser Internet del proprio smartphone\/tablet, \u00e8 necessario fare riferimento al manuale d'uso del dispositivo.<\/p>\n\n\n\n<p><strong>COOKIE DI SOCIAL NETWORK<\/strong><\/p>\n\n\n\n<p>Sono cookie che permettono al profilo dell\u2019utente presente su social network di interagire con il presente sito. Si tratta di cookie non sono indispensabili per il funzionamento di questo sito internet. L'utilizzo pi\u00f9 comune \u00e8 quello finalizzato alla condivisione dei contenuti. Per la gestione delle informazioni raccolte da \"terze parti\" \u00e8 disciplinata dalle relative che possono essere verificate all\u2019interno degli stessi social network.<\/p>\n\n\n\n<p>Si riportano qui di seguito gli indirizzi web delle diverse informative e delle modalit\u00e0 per la gestione dei cookie, e per la loro disattivazione.<\/p>\n\n\n\n<ul class=\"wp-block-list\"><li>Facebook informativa: https:\/\/www.facebook.com\/help\/cookies\/<\/li><li>Facebook (configurazione): accedere al proprio account. Sezione privacy.<\/li><li>Twitter informative: https:\/\/support.twitter.com\/articles\/20170514<\/li><li>Twitter (configurazione): https:\/\/twitter.com\/settings\/security<\/li><li>Linkedin informativa: https:\/\/www.linkedin.com\/legal\/cookie-policy<\/li><li>Linkedin (configurazione): https:\/\/www.linkedin.com\/settings\/<\/li><li>Google+ informativa: http:\/\/www.google.it\/intl\/it\/policies\/technologies\/cookies\/<\/li><li>Google+ (configurazione): http:\/\/www.google.it\/intl\/it\/policies\/technologies\/managing\/<\/li><\/ul>\n\n\n\n<p><strong>WIDGET GOOGLE MAP<\/strong><\/p>\n\n\n\n<p>Il sito incorpora il widget di Google Map con la mappa dell'attivit\u00e0 e tale servizio comporta l\u2019installazione di cookie da Google. Nessuna informazione viene invece condivisa dal sito in cui il widget \u00e8 incorporato. Per maggiori informazioni, anche sulla disattivazione di tali cookie, si consiglia di consultare il seguente link:<\/p>\n\n\n\n<p><a href=\"https:\/\/www.google.com\/intl\/it_it\/policies\/privacy\/\">https:\/\/www.google.com\/intl\/it_it\/policies\/privacy\/<\/a><\/p>\n","protected":false},"excerpt":{"rendered":"<p>Informativa sul trattamento dei dati personali (art. 13 Dlgs 196\/2003 \u2013 art. 13 e 14 GDPR 2016\/679) Questa informativa sull'utilizzo dei&nbsp;cookie&nbsp;sul sito \u00e8 resa all'utente in attuazione del provvedimento del Garante per la protezione dei dati personali dell'8 maggio 2014 \"Individuazione delle modalit\u00e0 semplificate per l'informativa e l'acquisizione del consenso per l'uso dei cookie\"; si [&hellip;]<\/p>\n","protected":false},"author":1,"featured_media":0,"parent":0,"menu_order":0,"comment_status":"closed","ping_status":"closed","template":"","meta":{"_acf_changed":false,"footnotes":""},"class_list":["post-1113","page","type-page","status-publish","hentry"],"acf":[],"yoast_head":"<!-- This site is optimized with the Yoast SEO plugin v27.3 - https:\/\/yoast.com\/product\/yoast-seo-wordpress\/ -->\n<title>Cookie policy | Vecchi Srl<\/title>\n<meta name=\"robots\" content=\"index, follow, max-snippet:-1, max-image-preview:large, max-video-preview:-1\" \/>\n<link rel=\"canonical\" href=\"https:\/\/www.materieplastichevecchi.it\/en\/cookie-policy\/\" \/>\n<meta property=\"og:locale\" content=\"en_US\" \/>\n<meta property=\"og:type\" content=\"article\" \/>\n<meta property=\"og:title\" content=\"Cookie policy | Vecchi Srl\" \/>\n<meta property=\"og:description\" content=\"Informativa sul trattamento dei dati personali (art. 13 Dlgs 196\/2003 \u2013 art. 13 e 14 GDPR 2016\/679) Questa informativa sull&#039;utilizzo dei&nbsp;cookie&nbsp;sul sito \u00e8 resa all&#039;utente in attuazione del provvedimento del Garante per la protezione dei dati personali dell&#039;8 maggio 2014 &quot;Individuazione delle modalit\u00e0 semplificate per l&#039;informativa e l&#039;acquisizione del consenso per l&#039;uso dei cookie&quot;; si [&hellip;]\" \/>\n<meta property=\"og:url\" content=\"https:\/\/www.materieplastichevecchi.it\/en\/cookie-policy\/\" \/>\n<meta property=\"og:site_name\" content=\"Vecchi Srl\" \/>\n<meta property=\"article:modified_time\" content=\"2021-10-18T08:19:52+00:00\" \/>\n<meta property=\"og:image\" content=\"https:\/\/www.materieplastichevecchi.it\/wp-content\/uploads\/2024\/10\/logo-vecchi-yoast.jpg\" \/>\n\t<meta property=\"og:image:width\" content=\"1200\" \/>\n\t<meta property=\"og:image:height\" content=\"675\" \/>\n\t<meta property=\"og:image:type\" content=\"image\/jpeg\" \/>\n<meta name=\"twitter:card\" content=\"summary_large_image\" \/>\n<meta name=\"twitter:label1\" content=\"Est. reading time\" \/>\n\t<meta name=\"twitter:data1\" content=\"5 minutes\" \/>\n<script type=\"application\/ld+json\" class=\"yoast-schema-graph\">{\"@context\":\"https:\\\/\\\/schema.org\",\"@graph\":[{\"@type\":\"WebPage\",\"@id\":\"https:\\\/\\\/www.materieplastichevecchi.it\\\/en\\\/cookie-policy\\\/\",\"url\":\"https:\\\/\\\/www.materieplastichevecchi.it\\\/en\\\/cookie-policy\\\/\",\"name\":\"Cookie policy | Vecchi Srl\",\"isPartOf\":{\"@id\":\"https:\\\/\\\/www.materieplastichevecchi.it\\\/#website\"},\"datePublished\":\"2021-10-18T08:14:30+00:00\",\"dateModified\":\"2021-10-18T08:19:52+00:00\",\"breadcrumb\":{\"@id\":\"https:\\\/\\\/www.materieplastichevecchi.it\\\/en\\\/cookie-policy\\\/#breadcrumb\"},\"inLanguage\":\"en-US\",\"potentialAction\":[{\"@type\":\"ReadAction\",\"target\":[\"https:\\\/\\\/www.materieplastichevecchi.it\\\/en\\\/cookie-policy\\\/\"]}]},{\"@type\":\"BreadcrumbList\",\"@id\":\"https:\\\/\\\/www.materieplastichevecchi.it\\\/en\\\/cookie-policy\\\/#breadcrumb\",\"itemListElement\":[{\"@type\":\"ListItem\",\"position\":1,\"name\":\"Home\",\"item\":\"https:\\\/\\\/www.materieplastichevecchi.it\\\/en\\\/\"},{\"@type\":\"ListItem\",\"position\":2,\"name\":\"Cookie policy\"}]},{\"@type\":\"WebSite\",\"@id\":\"https:\\\/\\\/www.materieplastichevecchi.it\\\/#website\",\"url\":\"https:\\\/\\\/www.materieplastichevecchi.it\\\/\",\"name\":\"Materie Plastiche Vecchi\",\"description\":\"Produzione materie plastiche Reggio Emilia\",\"publisher\":{\"@id\":\"https:\\\/\\\/www.materieplastichevecchi.it\\\/#organization\"},\"alternateName\":\"Vecchi Srl\",\"potentialAction\":[{\"@type\":\"SearchAction\",\"target\":{\"@type\":\"EntryPoint\",\"urlTemplate\":\"https:\\\/\\\/www.materieplastichevecchi.it\\\/?s={search_term_string}\"},\"query-input\":{\"@type\":\"PropertyValueSpecification\",\"valueRequired\":true,\"valueName\":\"search_term_string\"}}],\"inLanguage\":\"en-US\"},{\"@type\":\"Organization\",\"@id\":\"https:\\\/\\\/www.materieplastichevecchi.it\\\/#organization\",\"name\":\"Materie Plastiche Vecchi\",\"alternateName\":\"Vecchi Srl\",\"url\":\"https:\\\/\\\/www.materieplastichevecchi.it\\\/\",\"logo\":{\"@type\":\"ImageObject\",\"inLanguage\":\"en-US\",\"@id\":\"https:\\\/\\\/www.materieplastichevecchi.it\\\/#\\\/schema\\\/logo\\\/image\\\/\",\"url\":\"https:\\\/\\\/www.materieplastichevecchi.it\\\/wp-content\\\/uploads\\\/2021\\\/07\\\/cropped-vecchi_browser-01.png\",\"contentUrl\":\"https:\\\/\\\/www.materieplastichevecchi.it\\\/wp-content\\\/uploads\\\/2021\\\/07\\\/cropped-vecchi_browser-01.png\",\"width\":512,\"height\":512,\"caption\":\"Materie Plastiche Vecchi\"},\"image\":{\"@id\":\"https:\\\/\\\/www.materieplastichevecchi.it\\\/#\\\/schema\\\/logo\\\/image\\\/\"}}]}<\/script>\n<!-- \/ Yoast SEO plugin. -->","yoast_head_json":{"title":"Cookie policy | Vecchi Srl","robots":{"index":"index","follow":"follow","max-snippet":"max-snippet:-1","max-image-preview":"max-image-preview:large","max-video-preview":"max-video-preview:-1"},"canonical":"https:\/\/www.materieplastichevecchi.it\/en\/cookie-policy\/","og_locale":"en_US","og_type":"article","og_title":"Cookie policy | Vecchi Srl","og_description":"Informativa sul trattamento dei dati personali (art. 13 Dlgs 196\/2003 \u2013 art. 13 e 14 GDPR 2016\/679) Questa informativa sull'utilizzo dei&nbsp;cookie&nbsp;sul sito \u00e8 resa all'utente in attuazione del provvedimento del Garante per la protezione dei dati personali dell'8 maggio 2014 \"Individuazione delle modalit\u00e0 semplificate per l'informativa e l'acquisizione del consenso per l'uso dei cookie\"; si [&hellip;]","og_url":"https:\/\/www.materieplastichevecchi.it\/en\/cookie-policy\/","og_site_name":"Vecchi Srl","article_modified_time":"2021-10-18T08:19:52+00:00","og_image":[{"width":1200,"height":675,"url":"https:\/\/www.materieplastichevecchi.it\/wp-content\/uploads\/2024\/10\/logo-vecchi-yoast.jpg","type":"image\/jpeg"}],"twitter_card":"summary_large_image","twitter_misc":{"Est. reading time":"5 minutes"},"schema":{"@context":"https:\/\/schema.org","@graph":[{"@type":"WebPage","@id":"https:\/\/www.materieplastichevecchi.it\/en\/cookie-policy\/","url":"https:\/\/www.materieplastichevecchi.it\/en\/cookie-policy\/","name":"Cookie policy | Vecchi Srl","isPartOf":{"@id":"https:\/\/www.materieplastichevecchi.it\/#website"},"datePublished":"2021-10-18T08:14:30+00:00","dateModified":"2021-10-18T08:19:52+00:00","breadcrumb":{"@id":"https:\/\/www.materieplastichevecchi.it\/en\/cookie-policy\/#breadcrumb"},"inLanguage":"en-US","potentialAction":[{"@type":"ReadAction","target":["https:\/\/www.materieplastichevecchi.it\/en\/cookie-policy\/"]}]},{"@type":"BreadcrumbList","@id":"https:\/\/www.materieplastichevecchi.it\/en\/cookie-policy\/#breadcrumb","itemListElement":[{"@type":"ListItem","position":1,"name":"Home","item":"https:\/\/www.materieplastichevecchi.it\/en\/"},{"@type":"ListItem","position":2,"name":"Cookie policy"}]},{"@type":"WebSite","@id":"https:\/\/www.materieplastichevecchi.it\/#website","url":"https:\/\/www.materieplastichevecchi.it\/","name":"Materie Plastiche Vecchi","description":"Produzione materie plastiche Reggio Emilia","publisher":{"@id":"https:\/\/www.materieplastichevecchi.it\/#organization"},"alternateName":"Vecchi Srl","potentialAction":[{"@type":"SearchAction","target":{"@type":"EntryPoint","urlTemplate":"https:\/\/www.materieplastichevecchi.it\/?s={search_term_string}"},"query-input":{"@type":"PropertyValueSpecification","valueRequired":true,"valueName":"search_term_string"}}],"inLanguage":"en-US"},{"@type":"Organization","@id":"https:\/\/www.materieplastichevecchi.it\/#organization","name":"Materie Plastiche Vecchi","alternateName":"Vecchi Srl","url":"https:\/\/www.materieplastichevecchi.it\/","logo":{"@type":"ImageObject","inLanguage":"en-US","@id":"https:\/\/www.materieplastichevecchi.it\/#\/schema\/logo\/image\/","url":"https:\/\/www.materieplastichevecchi.it\/wp-content\/uploads\/2021\/07\/cropped-vecchi_browser-01.png","contentUrl":"https:\/\/www.materieplastichevecchi.it\/wp-content\/uploads\/2021\/07\/cropped-vecchi_browser-01.png","width":512,"height":512,"caption":"Materie Plastiche Vecchi"},"image":{"@id":"https:\/\/www.materieplastichevecchi.it\/#\/schema\/logo\/image\/"}}]}},"_links":{"self":[{"href":"https:\/\/www.materieplastichevecchi.it\/en\/wp-json\/wp\/v2\/pages\/1113","targetHints":{"allow":["GET"]}}],"collection":[{"href":"https:\/\/www.materieplastichevecchi.it\/en\/wp-json\/wp\/v2\/pages"}],"about":[{"href":"https:\/\/www.materieplastichevecchi.it\/en\/wp-json\/wp\/v2\/types\/page"}],"author":[{"embeddable":true,"href":"https:\/\/www.materieplastichevecchi.it\/en\/wp-json\/wp\/v2\/users\/1"}],"replies":[{"embeddable":true,"href":"https:\/\/www.materieplastichevecchi.it\/en\/wp-json\/wp\/v2\/comments?post=1113"}],"version-history":[{"count":2,"href":"https:\/\/www.materieplastichevecchi.it\/en\/wp-json\/wp\/v2\/pages\/1113\/revisions"}],"predecessor-version":[{"id":1115,"href":"https:\/\/www.materieplastichevecchi.it\/en\/wp-json\/wp\/v2\/pages\/1113\/revisions\/1115"}],"wp:attachment":[{"href":"https:\/\/www.materieplastichevecchi.it\/en\/wp-json\/wp\/v2\/media?parent=1113"}],"curies":[{"name":"wp","href":"https:\/\/api.w.org\/{rel}","templated":true}]}}